{"id":3,"date":"2023-10-26T13:35:02","date_gmt":"2023-10-26T11:35:02","guid":{"rendered":"http:\/\/couleursdeloise.fr\/?page_id=3"},"modified":"2025-02-17T22:59:27","modified_gmt":"2025-02-17T21:59:27","slug":"mentions-legales","status":"publish","type":"page","link":"https:\/\/couleursdeloise.fr\/index.php\/mentions-legales\/","title":{"rendered":"Mentions l\u00e9gales"},"content":{"rendered":"\n<p><strong>1. Informations l\u00e9gales<\/strong><\/p>\n\n\n\n<ol>\n<li>Informations l\u00e9gales sur l\u2019entreprise :<\/li>\n<\/ol>\n\n\n\n<p>Raison sociale : Couleurs de l&#8217;Oise<br>Forme juridique : SAS, soci\u00e9t\u00e9 par actions simplifi\u00e9e Capital social : 10 000\u20ac\u00a0<br>Num\u00e9ro SIRET : 815012463<br>Num\u00e9ro TVA intracommunautaire : FR14815012463\u00a0<br>Adresse du si\u00e8ge social : 7 Rue Marguerite Aumerle, B\u00e2timent B Local 13, 95340 PERSAN<br>T\u00e9l\u00e9phone : <a href=\"https:\/\/www.google.com\/search?client=safari&amp;rls=en&amp;q=couelrus+de+l%27oise&amp;ie=UTF-8&amp;oe=UTF-8#\">01 34 70 41 89<\/a><br>Email : contact@couleursdeloise-fr\u00a0<\/p>\n\n\n\n<p>Contactez-nous : Couleurs de l&#8217;Oise est \u00e0 votre disposition pour tous vos commentaires ou suggestions. Vous pouvez nous \u00e9crire en fran\u00e7ais par courrier \u00e9lectronique \u00e0 :&nbsp;<a href=\"mailto:contact@couleursdeloise.fr\">contact@couleursdeloise.fr<\/a><\/p>\n\n\n\n<p><strong>2. Directeur de la publication<\/strong><\/p>\n\n\n\n<p>Le directeur de la publication de ce site web est <a href=\"https:\/\/www.pappers.fr\/recherche-dirigeants?q=Antoine+Olivier+Vincenti&amp;date_de_naissance_dirigeant_min=29-03-1986&amp;date_de_naissance_dirigeant_max=29-03-1986\">Antoine Vincenti<\/a>, agissant en qualit\u00e9 de Pr\u00e9sident.<\/p>\n\n\n\n<p><strong>3. H\u00e9bergement<\/strong><\/p>\n\n\n\n<p>Nom de l\u2019h\u00e9bergeur : HOSTINGER<br>Adresse : HOSTINGER INTERNATIONAL LTD, 61 Lordou Vironos Street, 6023 Larnaca, Chypre<br>Email de contact&nbsp;<strong>recovery@hostinger.com<\/strong><br>site:&nbsp;<a href=\"https:\/\/www.hostinger.fr\/contact\" target=\"_blank\" rel=\"noreferrer noopener\">https:\/\/www.hostinger.fr<\/a><\/p>\n\n\n\n<p><strong>4. Propri\u00e9t\u00e9 intellectuelle<\/strong><\/p>\n\n\n\n<p>Tous les contenus de ce site web, y compris les textes, les images, les vid\u00e9os et les \u00e9l\u00e9ments graphiques, sont prot\u00e9g\u00e9s par les lois sur la propri\u00e9t\u00e9 intellectuelle. Toute reproduction ou utilisation non autoris\u00e9e de ces contenus est strictement interdite.<\/p>\n\n\n\n<p><strong>5. Protection des donn\u00e9es personnelles<\/strong><\/p>\n\n\n\n<p>Nous collectons et utilisons des donn\u00e9es personnelles conform\u00e9ment \u00e0 notre politique de confidentialit\u00e9, que vous pouvez consulter [lien vers la politique de confidentialit\u00e9].<\/p>\n\n\n\n<p><strong>6. Liens externes<\/strong><\/p>\n\n\n\n<p>Ce site peut contenir des liens vers des sites web externes. Nous d\u00e9clinons toute responsabilit\u00e9 quant au contenu ou \u00e0 la politique de confidentialit\u00e9 de ces sites tiers.<\/p>\n\n\n\n<p><strong>7. Cookies<\/strong><\/p>\n\n\n\n<p>Nous utilisons des cookies pour am\u00e9liorer l&#8217;exp\u00e9rience de navigation sur ce site. <\/p>\n\n\n\n<p><strong>8. Limitation de responsabilit\u00e9<\/strong><\/p>\n\n\n\n<p>Nous nous effor\u00e7ons de fournir des informations pr\u00e9cises et \u00e0 jour sur ce site, mais nous ne pouvons garantir l&#8217;absence d&#8217;erreurs. Nous d\u00e9clinons toute responsabilit\u00e9 en cas de pr\u00e9judice ou de dommage r\u00e9sultant de l&#8217;utilisation de ce site.<\/p>\n\n\n\n<p><strong>9. Droit applicable et juridiction comp\u00e9tente<\/strong><\/p>\n\n\n\n<p>Tout litige relatif \u00e0 ce site web est soumis au droit [Loi applicable] et \u00e0 la juridiction exclusive des tribunaux de Compi\u00e8gne.<\/p>\n\n\n\n<p><\/p>\n","protected":false},"excerpt":{"rendered":"<p>1. Informations l\u00e9gales Raison sociale : Couleurs de l&#8217;OiseForme juridique : SAS, soci\u00e9t\u00e9 par actions simplifi\u00e9e Capital social : 10 000\u20ac\u00a0Num\u00e9ro SIRET : 815012463Num\u00e9ro TVA intracommunautaire : FR14815012463\u00a0Adresse du si\u00e8ge social : 7 Rue Marguerite Aumerle, B\u00e2timent B Local 13, 95340 PERSANT\u00e9l\u00e9phone : 01 34 70 41 89Email : contact@couleursdeloise-fr\u00a0 Contactez-nous : Couleurs de l&#8217;Oise [&hellip;]<\/p>\n","protected":false},"author":1,"featured_media":0,"parent":0,"menu_order":0,"comment_status":"closed","ping_status":"open","template":"","meta":{"ocean_post_layout":"","ocean_both_sidebars_style":"","ocean_both_sidebars_content_width":0,"ocean_both_sidebars_sidebars_width":0,"ocean_sidebar":"","ocean_second_sidebar":"","ocean_disable_margins":"enable","ocean_add_body_class":"","ocean_shortcode_before_top_bar":"","ocean_shortcode_after_top_bar":"","ocean_shortcode_before_header":"","ocean_shortcode_after_header":"","ocean_has_shortcode":"","ocean_shortcode_after_title":"","ocean_shortcode_before_footer_widgets":"","ocean_shortcode_after_footer_widgets":"","ocean_shortcode_before_footer_bottom":"","ocean_shortcode_after_footer_bottom":"","ocean_display_top_bar":"default","ocean_display_header":"default","ocean_header_style":"","ocean_center_header_left_menu":"","ocean_custom_header_template":"","ocean_custom_logo":0,"ocean_custom_retina_logo":0,"ocean_custom_logo_max_width":0,"ocean_custom_logo_tablet_max_width":0,"ocean_custom_logo_mobile_max_width":0,"ocean_custom_logo_max_height":0,"ocean_custom_logo_tablet_max_height":0,"ocean_custom_logo_mobile_max_height":0,"ocean_header_custom_menu":"","ocean_menu_typo_font_family":"","ocean_menu_typo_font_subset":"","ocean_menu_typo_font_size":0,"ocean_menu_typo_font_size_tablet":0,"ocean_menu_typo_font_size_mobile":0,"ocean_menu_typo_font_size_unit":"px","ocean_menu_typo_font_weight":"","ocean_menu_typo_font_weight_tablet":"","ocean_menu_typo_font_weight_mobile":"","ocean_menu_typo_transform":"","ocean_menu_typo_transform_tablet":"","ocean_menu_typo_transform_mobile":"","ocean_menu_typo_line_height":0,"ocean_menu_typo_line_height_tablet":0,"ocean_menu_typo_line_height_mobile":0,"ocean_menu_typo_line_height_unit":"","ocean_menu_typo_spacing":0,"ocean_menu_typo_spacing_tablet":0,"ocean_menu_typo_spacing_mobile":0,"ocean_menu_typo_spacing_unit":"","ocean_menu_link_color":"","ocean_menu_link_color_hover":"","ocean_menu_link_color_active":"","ocean_menu_link_background":"","ocean_menu_link_hover_background":"","ocean_menu_link_active_background":"","ocean_menu_social_links_bg":"","ocean_menu_social_hover_links_bg":"","ocean_menu_social_links_color":"","ocean_menu_social_hover_links_color":"","ocean_disable_title":"default","ocean_disable_heading":"default","ocean_post_title":"","ocean_post_subheading":"","ocean_post_title_style":"","ocean_post_title_background_color":"","ocean_post_title_background":0,"ocean_post_title_bg_image_position":"","ocean_post_title_bg_image_attachment":"","ocean_post_title_bg_image_repeat":"","ocean_post_title_bg_image_size":"","ocean_post_title_height":0,"ocean_post_title_bg_overlay":0.5,"ocean_post_title_bg_overlay_color":"","ocean_disable_breadcrumbs":"default","ocean_breadcrumbs_color":"","ocean_breadcrumbs_separator_color":"","ocean_breadcrumbs_links_color":"","ocean_breadcrumbs_links_hover_color":"","ocean_display_footer_widgets":"default","ocean_display_footer_bottom":"default","ocean_custom_footer_template":"","footnotes":""},"yoast_head":"<!-- This site is optimized with the Yoast SEO plugin v21.4 - https:\/\/yoast.com\/wordpress\/plugins\/seo\/ -->\n<title>Mentions l\u00e9gales - couleursdeloise.fr<\/title>\n<meta name=\"description\" content=\"D\u00e9couvrez nos mentions l\u00e9gales pour en savoir plus sur les obligations, les droits et les responsabilit\u00e9s li\u00e9s \u00e0 l&#039;utilisation de notre site web. Nous sommes transparents quant \u00e0 nos pratiques l\u00e9gales.\" \/>\n<meta name=\"robots\" content=\"index, follow, max-snippet:-1, max-image-preview:large, max-video-preview:-1\" \/>\n<link rel=\"canonical\" href=\"https:\/\/couleursdeloise.fr\/index.php\/mentions-legales\/\" \/>\n<meta property=\"og:locale\" content=\"en_US\" \/>\n<meta property=\"og:type\" content=\"article\" \/>\n<meta property=\"og:title\" content=\"Mentions l\u00e9gales - couleursdeloise.fr\" \/>\n<meta property=\"og:description\" content=\"D\u00e9couvrez nos mentions l\u00e9gales pour en savoir plus sur les obligations, les droits et les responsabilit\u00e9s li\u00e9s \u00e0 l&#039;utilisation de notre site web. Nous sommes transparents quant \u00e0 nos pratiques l\u00e9gales.\" \/>\n<meta property=\"og:url\" content=\"https:\/\/couleursdeloise.fr\/index.php\/mentions-legales\/\" \/>\n<meta property=\"og:site_name\" content=\"couleursdeloise.fr\" \/>\n<meta property=\"article:modified_time\" content=\"2025-02-17T21:59:27+00:00\" \/>\n<meta name=\"twitter:card\" content=\"summary_large_image\" \/>\n<meta name=\"twitter:label1\" content=\"Est. reading time\" \/>\n\t<meta name=\"twitter:data1\" content=\"2 minutes\" \/>\n<script type=\"application\/ld+json\" class=\"yoast-schema-graph\">{\"@context\":\"https:\/\/schema.org\",\"@graph\":[{\"@type\":\"WebPage\",\"@id\":\"https:\/\/couleursdeloise.fr\/index.php\/mentions-legales\/\",\"url\":\"https:\/\/couleursdeloise.fr\/index.php\/mentions-legales\/\",\"name\":\"Mentions l\u00e9gales - couleursdeloise.fr\",\"isPartOf\":{\"@id\":\"https:\/\/couleursdeloise.fr\/#website\"},\"datePublished\":\"2023-10-26T11:35:02+00:00\",\"dateModified\":\"2025-02-17T21:59:27+00:00\",\"description\":\"D\u00e9couvrez nos mentions l\u00e9gales pour en savoir plus sur les obligations, les droits et les responsabilit\u00e9s li\u00e9s \u00e0 l'utilisation de notre site web. Nous sommes transparents quant \u00e0 nos pratiques l\u00e9gales.\",\"breadcrumb\":{\"@id\":\"https:\/\/couleursdeloise.fr\/index.php\/mentions-legales\/#breadcrumb\"},\"inLanguage\":\"en-US\",\"potentialAction\":[{\"@type\":\"ReadAction\",\"target\":[\"https:\/\/couleursdeloise.fr\/index.php\/mentions-legales\/\"]}]},{\"@type\":\"BreadcrumbList\",\"@id\":\"https:\/\/couleursdeloise.fr\/index.php\/mentions-legales\/#breadcrumb\",\"itemListElement\":[{\"@type\":\"ListItem\",\"position\":1,\"name\":\"Accueil\",\"item\":\"https:\/\/couleursdeloise.fr\/\"},{\"@type\":\"ListItem\",\"position\":2,\"name\":\"Mentions l\u00e9gales\"}]},{\"@type\":\"WebSite\",\"@id\":\"https:\/\/couleursdeloise.fr\/#website\",\"url\":\"https:\/\/couleursdeloise.fr\/\",\"name\":\"couleursdeloise.fr\",\"description\":\"\",\"publisher\":{\"@id\":\"https:\/\/couleursdeloise.fr\/#organization\"},\"potentialAction\":[{\"@type\":\"SearchAction\",\"target\":{\"@type\":\"EntryPoint\",\"urlTemplate\":\"https:\/\/couleursdeloise.fr\/?s={search_term_string}\"},\"query-input\":\"required name=search_term_string\"}],\"inLanguage\":\"en-US\"},{\"@type\":\"Organization\",\"@id\":\"https:\/\/couleursdeloise.fr\/#organization\",\"name\":\"couleursdeloise.fr\",\"url\":\"https:\/\/couleursdeloise.fr\/\",\"logo\":{\"@type\":\"ImageObject\",\"inLanguage\":\"en-US\",\"@id\":\"https:\/\/couleursdeloise.fr\/#\/schema\/logo\/image\/\",\"url\":\"https:\/\/couleursdeloise.fr\/wp-content\/uploads\/2023\/12\/cropped-couleurs-de-loise-magasin-peinture.png\",\"contentUrl\":\"https:\/\/couleursdeloise.fr\/wp-content\/uploads\/2023\/12\/cropped-couleurs-de-loise-magasin-peinture.png\",\"width\":2839,\"height\":2753,\"caption\":\"couleursdeloise.fr\"},\"image\":{\"@id\":\"https:\/\/couleursdeloise.fr\/#\/schema\/logo\/image\/\"}}]}<\/script>\n<!-- \/ Yoast SEO plugin. -->","yoast_head_json":{"title":"Mentions l\u00e9gales - couleursdeloise.fr","description":"D\u00e9couvrez nos mentions l\u00e9gales pour en savoir plus sur les obligations, les droits et les responsabilit\u00e9s li\u00e9s \u00e0 l'utilisation de notre site web. Nous sommes transparents quant \u00e0 nos pratiques l\u00e9gales.","robots":{"index":"index","follow":"follow","max-snippet":"max-snippet:-1","max-image-preview":"max-image-preview:large","max-video-preview":"max-video-preview:-1"},"canonical":"https:\/\/couleursdeloise.fr\/index.php\/mentions-legales\/","og_locale":"en_US","og_type":"article","og_title":"Mentions l\u00e9gales - couleursdeloise.fr","og_description":"D\u00e9couvrez nos mentions l\u00e9gales pour en savoir plus sur les obligations, les droits et les responsabilit\u00e9s li\u00e9s \u00e0 l'utilisation de notre site web. Nous sommes transparents quant \u00e0 nos pratiques l\u00e9gales.","og_url":"https:\/\/couleursdeloise.fr\/index.php\/mentions-legales\/","og_site_name":"couleursdeloise.fr","article_modified_time":"2025-02-17T21:59:27+00:00","twitter_card":"summary_large_image","twitter_misc":{"Est. reading time":"2 minutes"},"schema":{"@context":"https:\/\/schema.org","@graph":[{"@type":"WebPage","@id":"https:\/\/couleursdeloise.fr\/index.php\/mentions-legales\/","url":"https:\/\/couleursdeloise.fr\/index.php\/mentions-legales\/","name":"Mentions l\u00e9gales - couleursdeloise.fr","isPartOf":{"@id":"https:\/\/couleursdeloise.fr\/#website"},"datePublished":"2023-10-26T11:35:02+00:00","dateModified":"2025-02-17T21:59:27+00:00","description":"D\u00e9couvrez nos mentions l\u00e9gales pour en savoir plus sur les obligations, les droits et les responsabilit\u00e9s li\u00e9s \u00e0 l'utilisation de notre site web. Nous sommes transparents quant \u00e0 nos pratiques l\u00e9gales.","breadcrumb":{"@id":"https:\/\/couleursdeloise.fr\/index.php\/mentions-legales\/#breadcrumb"},"inLanguage":"en-US","potentialAction":[{"@type":"ReadAction","target":["https:\/\/couleursdeloise.fr\/index.php\/mentions-legales\/"]}]},{"@type":"BreadcrumbList","@id":"https:\/\/couleursdeloise.fr\/index.php\/mentions-legales\/#breadcrumb","itemListElement":[{"@type":"ListItem","position":1,"name":"Accueil","item":"https:\/\/couleursdeloise.fr\/"},{"@type":"ListItem","position":2,"name":"Mentions l\u00e9gales"}]},{"@type":"WebSite","@id":"https:\/\/couleursdeloise.fr\/#website","url":"https:\/\/couleursdeloise.fr\/","name":"couleursdeloise.fr","description":"","publisher":{"@id":"https:\/\/couleursdeloise.fr\/#organization"},"potentialAction":[{"@type":"SearchAction","target":{"@type":"EntryPoint","urlTemplate":"https:\/\/couleursdeloise.fr\/?s={search_term_string}"},"query-input":"required name=search_term_string"}],"inLanguage":"en-US"},{"@type":"Organization","@id":"https:\/\/couleursdeloise.fr\/#organization","name":"couleursdeloise.fr","url":"https:\/\/couleursdeloise.fr\/","logo":{"@type":"ImageObject","inLanguage":"en-US","@id":"https:\/\/couleursdeloise.fr\/#\/schema\/logo\/image\/","url":"https:\/\/couleursdeloise.fr\/wp-content\/uploads\/2023\/12\/cropped-couleurs-de-loise-magasin-peinture.png","contentUrl":"https:\/\/couleursdeloise.fr\/wp-content\/uploads\/2023\/12\/cropped-couleurs-de-loise-magasin-peinture.png","width":2839,"height":2753,"caption":"couleursdeloise.fr"},"image":{"@id":"https:\/\/couleursdeloise.fr\/#\/schema\/logo\/image\/"}}]}},"_links":{"self":[{"href":"https:\/\/couleursdeloise.fr\/index.php\/wp-json\/wp\/v2\/pages\/3"}],"collection":[{"href":"https:\/\/couleursdeloise.fr\/index.php\/wp-json\/wp\/v2\/pages"}],"about":[{"href":"https:\/\/couleursdeloise.fr\/index.php\/wp-json\/wp\/v2\/types\/page"}],"author":[{"embeddable":true,"href":"https:\/\/couleursdeloise.fr\/index.php\/wp-json\/wp\/v2\/users\/1"}],"replies":[{"embeddable":true,"href":"https:\/\/couleursdeloise.fr\/index.php\/wp-json\/wp\/v2\/comments?post=3"}],"version-history":[{"count":2,"href":"https:\/\/couleursdeloise.fr\/index.php\/wp-json\/wp\/v2\/pages\/3\/revisions"}],"predecessor-version":[{"id":1019,"href":"https:\/\/couleursdeloise.fr\/index.php\/wp-json\/wp\/v2\/pages\/3\/revisions\/1019"}],"wp:attachment":[{"href":"https:\/\/couleursdeloise.fr\/index.php\/wp-json\/wp\/v2\/media?parent=3"}],"curies":[{"name":"wp","href":"https:\/\/api.w.org\/{rel}","templated":true}]}}